{"id":1765,"date":"2022-02-04T18:05:08","date_gmt":"2022-02-04T17:05:08","guid":{"rendered":"https:\/\/www.athletic4you.be\/index.php\/page-daccueil\/"},"modified":"2022-02-04T18:05:12","modified_gmt":"2022-02-04T17:05:12","slug":"page-daccueil","status":"publish","type":"page","link":"https:\/\/www.athletic4you.be\/index.php\/page-daccueil\/","title":{"rendered":"Page d\u2019accueil"},"content":{"rendered":"\n\t\t\t<div class=\"wp-block-cover\" style=\"background-image:url(https:\/\/www.athletic4you.be\/wp-content\/uploads\/2022\/02\/other-small.jpg)\"><div class=\"wp-block-cover__inner-container\">\n\t\t\t<p class=\"has-text-align-center has-large-font-size\">Bienvenue dans la boutique<\/p>\n\t\t\t\n\n\t\t\t\n\t\t\t<p class=\"has-text-color has-text-align-center\">R\u00e9diger un bref message de bienvenue ici<\/p>\n\t\t\t\n\n\t\t\t\n\t\t\t<div class=\"wp-block-button aligncenter\"><a href=\"https:\/\/www.athletic4you.be\/index.php\/shop\/\" class=\"wp-block-button__link\">Faire des achats<\/a><\/div>\n\t\t\t<\/div><\/div>\n\t\t\t\n\t\t\t\t\n\t\t\t\t<h2 style=\"text-align:center\">Achat par cat\u00e9gorie<\/h2>\n\t\t\t\t\n\t\t\t\t<div class=\"woocommerce columns-4\"><div class=\"row clearfix\">\n<li class=\"product-category product first\">\n\t<\/li>\n<\/div>\n<\/div>\n\n\t\t\t\t\n\t\t\t\t<h2 style=\"text-align:center\">Nouveaut\u00e9s<\/h2>\n\t\t\t\t\n\t\t\t\t<div data-block-name=\"woocommerce\/product-new\" data-columns=\"4\" class=\"wc-block-grid wp-block-product-new wc-block-product-new has-4-columns has-multiple-rows\"><ul class=\"wc-block-grid__products\"><li class=\"wc-block-grid__product\">\n\t\t\t\t<a href=\"https:\/\/www.athletic4you.be\/index.php\/product\/pack-de-12-spartiath\/\" class=\"wc-block-grid__product-link\">\n\t\t\t\t\t<div class=\"wc-block-grid__product-image\"><img width=\"300\" height=\"300\" src=\"https:\/\/www.athletic4you.be\/wp-content\/uploads\/2022\/02\/12pack-300x300.png\" class=\"attachment-woocommerce_thumbnail size-woocommerce_thumbnail\" alt=\"Pack de 12 Spartiath\" loading=\"lazy\" srcset=\"https:\/\/www.athletic4you.be\/wp-content\/uploads\/2022\/02\/12pack-300x300.png 300w, https:\/\/www.athletic4you.be\/wp-content\/uploads\/2022\/02\/12pack-150x150.png 150w, https:\/\/www.athletic4you.be\/wp-content\/uploads\/2022\/02\/12pack-140x140.png 140w, https:\/\/www.athletic4you.be\/wp-content\/uploads\/2022\/02\/12pack-120x120.png 120w, https:\/\/www.athletic4you.be\/wp-content\/uploads\/2022\/02\/12pack-370x370.png 370w, https:\/\/www.athletic4you.be\/wp-content\/uploads\/2022\/02\/12pack-291x291.png 291w, https:\/\/www.athletic4you.be\/wp-content\/uploads\/2022\/02\/12pack-100x100.png 100w\" sizes=\"(max-width: 300px) 100vw, 300px\" \/><\/div>\n\t\t\t\t\t<div class=\"wc-block-grid__product-title\">Pack de 12 Spartiath<\/div>\n\t\t\t\t<\/a>\n\t\t\t\t<div class=\"wc-block-grid__product-onsale\">\n\t\t\t<span aria-hidden=\"true\">Promo<\/span>\n\t\t\t<span class=\"screen-reader-text\">Produit en promotion<\/span>\n\t\t<\/div>\n\t\t\t\t<div class=\"wc-block-grid__product-price price\"><del aria-hidden=\"true\"><span class=\"woocommerce-Price-amount amount\"><span class=\"woocommerce-Price-currencySymbol\">&euro;<\/span>&nbsp;30,00<\/span><\/del> <ins><span class=\"woocommerce-Price-amount amount\"><span class=\"woocommerce-Price-currencySymbol\">&euro;<\/span>&nbsp;25,00<\/span><\/ins><\/div>\n\t\t\t\t\n\t\t\t\t<div class=\"wp-block-button wc-block-grid__product-add-to-cart\"><a href=\"?add-to-cart=1769\" aria-label=\"Ajouter &ldquo;Pack de 12 Spartiath&rdquo; \u00e0 votre panier\" data-quantity=\"1\" data-product_id=\"1769\" data-product_sku=\"\" rel=\"nofollow\" class=\"wp-block-button__link add_to_cart_button ajax_add_to_cart\">Ajouter au panier<\/a><\/div>\n\t\t\t<\/li><li class=\"wc-block-grid__product\">\n\t\t\t\t<a href=\"https:\/\/www.athletic4you.be\/index.php\/product\/pack-de-6-spartiath\/\" class=\"wc-block-grid__product-link\">\n\t\t\t\t\t<div class=\"wc-block-grid__product-image\"><img width=\"300\" height=\"300\" src=\"https:\/\/www.athletic4you.be\/wp-content\/uploads\/2022\/02\/6pack-300x300.png\" class=\"attachment-woocommerce_thumbnail size-woocommerce_thumbnail\" alt=\"Pack de 6 Spartiath\" loading=\"lazy\" srcset=\"https:\/\/www.athletic4you.be\/wp-content\/uploads\/2022\/02\/6pack-300x300.png 300w, https:\/\/www.athletic4you.be\/wp-content\/uploads\/2022\/02\/6pack-150x150.png 150w, https:\/\/www.athletic4you.be\/wp-content\/uploads\/2022\/02\/6pack-140x140.png 140w, https:\/\/www.athletic4you.be\/wp-content\/uploads\/2022\/02\/6pack-120x120.png 120w, https:\/\/www.athletic4you.be\/wp-content\/uploads\/2022\/02\/6pack-370x370.png 370w, https:\/\/www.athletic4you.be\/wp-content\/uploads\/2022\/02\/6pack-291x291.png 291w, https:\/\/www.athletic4you.be\/wp-content\/uploads\/2022\/02\/6pack-100x100.png 100w\" sizes=\"(max-width: 300px) 100vw, 300px\" \/><\/div>\n\t\t\t\t\t<div class=\"wc-block-grid__product-title\">Pack de 6 Spartiath<\/div>\n\t\t\t\t<\/a>\n\t\t\t\t\n\t\t\t\t<div class=\"wc-block-grid__product-price price\"><span class=\"woocommerce-Price-amount amount\"><span class=\"woocommerce-Price-currencySymbol\">&euro;<\/span>&nbsp;15,00<\/span><\/div>\n\t\t\t\t\n\t\t\t\t<div class=\"wp-block-button wc-block-grid__product-add-to-cart\"><a href=\"?add-to-cart=1762\" aria-label=\"Ajouter &ldquo;Pack de 6 Spartiath&rdquo; \u00e0 votre panier\" data-quantity=\"1\" data-product_id=\"1762\" data-product_sku=\"\" rel=\"nofollow\" class=\"wp-block-button__link add_to_cart_button ajax_add_to_cart\">Ajouter au panier<\/a><\/div>\n\t\t\t<\/li><\/ul><\/div>\n\t\t\t\t\n\t\t\t\t<h2 style=\"text-align:center\">Produits pr\u00e9f\u00e9r\u00e9s de vos clients<\/h2>\n\t\t\t\t\n\t\t\t\t<div data-block-name=\"woocommerce\/product-top-rated\" data-columns=\"4\" class=\"wc-block-grid wp-block-product-top-rated wc-block-product-top-rated has-4-columns has-multiple-rows\"><ul class=\"wc-block-grid__products\"><li class=\"wc-block-grid__product\">\n\t\t\t\t<a href=\"https:\/\/www.athletic4you.be\/index.php\/product\/pack-de-12-spartiath\/\" class=\"wc-block-grid__product-link\">\n\t\t\t\t\t<div class=\"wc-block-grid__product-image\"><img width=\"300\" height=\"300\" src=\"https:\/\/www.athletic4you.be\/wp-content\/uploads\/2022\/02\/12pack-300x300.png\" class=\"attachment-woocommerce_thumbnail size-woocommerce_thumbnail\" alt=\"Pack de 12 Spartiath\" loading=\"lazy\" srcset=\"https:\/\/www.athletic4you.be\/wp-content\/uploads\/2022\/02\/12pack-300x300.png 300w, https:\/\/www.athletic4you.be\/wp-content\/uploads\/2022\/02\/12pack-150x150.png 150w, https:\/\/www.athletic4you.be\/wp-content\/uploads\/2022\/02\/12pack-140x140.png 140w, https:\/\/www.athletic4you.be\/wp-content\/uploads\/2022\/02\/12pack-120x120.png 120w, https:\/\/www.athletic4you.be\/wp-content\/uploads\/2022\/02\/12pack-370x370.png 370w, https:\/\/www.athletic4you.be\/wp-content\/uploads\/2022\/02\/12pack-291x291.png 291w, https:\/\/www.athletic4you.be\/wp-content\/uploads\/2022\/02\/12pack-100x100.png 100w\" sizes=\"(max-width: 300px) 100vw, 300px\" \/><\/div>\n\t\t\t\t\t<div class=\"wc-block-grid__product-title\">Pack de 12 Spartiath<\/div>\n\t\t\t\t<\/a>\n\t\t\t\t<div class=\"wc-block-grid__product-onsale\">\n\t\t\t<span aria-hidden=\"true\">Promo<\/span>\n\t\t\t<span class=\"screen-reader-text\">Produit en promotion<\/span>\n\t\t<\/div>\n\t\t\t\t<div class=\"wc-block-grid__product-price price\"><del aria-hidden=\"true\"><span class=\"woocommerce-Price-amount amount\"><span class=\"woocommerce-Price-currencySymbol\">&euro;<\/span>&nbsp;30,00<\/span><\/del> <ins><span class=\"woocommerce-Price-amount amount\"><span class=\"woocommerce-Price-currencySymbol\">&euro;<\/span>&nbsp;25,00<\/span><\/ins><\/div>\n\t\t\t\t\n\t\t\t\t<div class=\"wp-block-button wc-block-grid__product-add-to-cart\"><a href=\"?add-to-cart=1769\" aria-label=\"Ajouter &ldquo;Pack de 12 Spartiath&rdquo; \u00e0 votre panier\" data-quantity=\"1\" data-product_id=\"1769\" data-product_sku=\"\" rel=\"nofollow\" class=\"wp-block-button__link add_to_cart_button ajax_add_to_cart\">Ajouter au panier<\/a><\/div>\n\t\t\t<\/li><li class=\"wc-block-grid__product\">\n\t\t\t\t<a href=\"https:\/\/www.athletic4you.be\/index.php\/product\/pack-de-6-spartiath\/\" class=\"wc-block-grid__product-link\">\n\t\t\t\t\t<div class=\"wc-block-grid__product-image\"><img width=\"300\" height=\"300\" src=\"https:\/\/www.athletic4you.be\/wp-content\/uploads\/2022\/02\/6pack-300x300.png\" class=\"attachment-woocommerce_thumbnail size-woocommerce_thumbnail\" alt=\"Pack de 6 Spartiath\" loading=\"lazy\" srcset=\"https:\/\/www.athletic4you.be\/wp-content\/uploads\/2022\/02\/6pack-300x300.png 300w, https:\/\/www.athletic4you.be\/wp-content\/uploads\/2022\/02\/6pack-150x150.png 150w, https:\/\/www.athletic4you.be\/wp-content\/uploads\/2022\/02\/6pack-140x140.png 140w, https:\/\/www.athletic4you.be\/wp-content\/uploads\/2022\/02\/6pack-120x120.png 120w, https:\/\/www.athletic4you.be\/wp-content\/uploads\/2022\/02\/6pack-370x370.png 370w, https:\/\/www.athletic4you.be\/wp-content\/uploads\/2022\/02\/6pack-291x291.png 291w, https:\/\/www.athletic4you.be\/wp-content\/uploads\/2022\/02\/6pack-100x100.png 100w\" sizes=\"(max-width: 300px) 100vw, 300px\" \/><\/div>\n\t\t\t\t\t<div class=\"wc-block-grid__product-title\">Pack de 6 Spartiath<\/div>\n\t\t\t\t<\/a>\n\t\t\t\t\n\t\t\t\t<div class=\"wc-block-grid__product-price price\"><span class=\"woocommerce-Price-amount amount\"><span class=\"woocommerce-Price-currencySymbol\">&euro;<\/span>&nbsp;15,00<\/span><\/div>\n\t\t\t\t\n\t\t\t\t<div class=\"wp-block-button wc-block-grid__product-add-to-cart\"><a href=\"?add-to-cart=1762\" aria-label=\"Ajouter &ldquo;Pack de 6 Spartiath&rdquo; \u00e0 votre panier\" data-quantity=\"1\" data-product_id=\"1762\" data-product_sku=\"\" rel=\"nofollow\" class=\"wp-block-button__link add_to_cart_button ajax_add_to_cart\">Ajouter au panier<\/a><\/div>\n\t\t\t<\/li><\/ul><\/div>\n\t\t\t\t\n\t\t\t\t<h2 style=\"text-align:center\">En promotion<\/h2>\n\t\t\t\t\n\t\t\t\t<div data-block-name=\"woocommerce\/product-on-sale\" data-columns=\"4\" class=\"wc-block-grid wp-block-product-on-sale wc-block-product-on-sale has-4-columns has-multiple-rows\"><ul class=\"wc-block-grid__products\"><li class=\"wc-block-grid__product\">\n\t\t\t\t<a href=\"https:\/\/www.athletic4you.be\/index.php\/product\/pack-de-12-spartiath\/\" class=\"wc-block-grid__product-link\">\n\t\t\t\t\t<div class=\"wc-block-grid__product-image\"><img width=\"300\" height=\"300\" src=\"https:\/\/www.athletic4you.be\/wp-content\/uploads\/2022\/02\/12pack-300x300.png\" class=\"attachment-woocommerce_thumbnail size-woocommerce_thumbnail\" alt=\"Pack de 12 Spartiath\" loading=\"lazy\" srcset=\"https:\/\/www.athletic4you.be\/wp-content\/uploads\/2022\/02\/12pack-300x300.png 300w, https:\/\/www.athletic4you.be\/wp-content\/uploads\/2022\/02\/12pack-150x150.png 150w, https:\/\/www.athletic4you.be\/wp-content\/uploads\/2022\/02\/12pack-140x140.png 140w, https:\/\/www.athletic4you.be\/wp-content\/uploads\/2022\/02\/12pack-120x120.png 120w, https:\/\/www.athletic4you.be\/wp-content\/uploads\/2022\/02\/12pack-370x370.png 370w, https:\/\/www.athletic4you.be\/wp-content\/uploads\/2022\/02\/12pack-291x291.png 291w, https:\/\/www.athletic4you.be\/wp-content\/uploads\/2022\/02\/12pack-100x100.png 100w\" sizes=\"(max-width: 300px) 100vw, 300px\" \/><\/div>\n\t\t\t\t\t<div class=\"wc-block-grid__product-title\">Pack de 12 Spartiath<\/div>\n\t\t\t\t<\/a>\n\t\t\t\t<div class=\"wc-block-grid__product-onsale\">\n\t\t\t<span aria-hidden=\"true\">Promo<\/span>\n\t\t\t<span class=\"screen-reader-text\">Produit en promotion<\/span>\n\t\t<\/div>\n\t\t\t\t<div class=\"wc-block-grid__product-price price\"><del aria-hidden=\"true\"><span class=\"woocommerce-Price-amount amount\"><span class=\"woocommerce-Price-currencySymbol\">&euro;<\/span>&nbsp;30,00<\/span><\/del> <ins><span class=\"woocommerce-Price-amount amount\"><span class=\"woocommerce-Price-currencySymbol\">&euro;<\/span>&nbsp;25,00<\/span><\/ins><\/div>\n\t\t\t\t\n\t\t\t\t<div class=\"wp-block-button wc-block-grid__product-add-to-cart\"><a href=\"?add-to-cart=1769\" aria-label=\"Ajouter &ldquo;Pack de 12 Spartiath&rdquo; \u00e0 votre panier\" data-quantity=\"1\" data-product_id=\"1769\" data-product_sku=\"\" rel=\"nofollow\" class=\"wp-block-button__link add_to_cart_button ajax_add_to_cart\">Ajouter au panier<\/a><\/div>\n\t\t\t<\/li><\/ul><\/div>\n\t\t\t\t\n\t\t\t\t<h2 style=\"text-align:center\">Meilleurs produits<\/h2>\n\t\t\t\t\n\t\t\t\t<div data-block-name=\"woocommerce\/product-best-sellers\" data-columns=\"4\" class=\"wc-block-grid wp-block-product-best-sellers wc-block-product-best-sellers has-4-columns has-multiple-rows\"><ul class=\"wc-block-grid__products\"><li class=\"wc-block-grid__product\">\n\t\t\t\t<a href=\"https:\/\/www.athletic4you.be\/index.php\/product\/pack-de-12-spartiath\/\" class=\"wc-block-grid__product-link\">\n\t\t\t\t\t<div class=\"wc-block-grid__product-image\"><img width=\"300\" height=\"300\" src=\"https:\/\/www.athletic4you.be\/wp-content\/uploads\/2022\/02\/12pack-300x300.png\" class=\"attachment-woocommerce_thumbnail size-woocommerce_thumbnail\" alt=\"Pack de 12 Spartiath\" loading=\"lazy\" srcset=\"https:\/\/www.athletic4you.be\/wp-content\/uploads\/2022\/02\/12pack-300x300.png 300w, https:\/\/www.athletic4you.be\/wp-content\/uploads\/2022\/02\/12pack-150x150.png 150w, https:\/\/www.athletic4you.be\/wp-content\/uploads\/2022\/02\/12pack-140x140.png 140w, https:\/\/www.athletic4you.be\/wp-content\/uploads\/2022\/02\/12pack-120x120.png 120w, https:\/\/www.athletic4you.be\/wp-content\/uploads\/2022\/02\/12pack-370x370.png 370w, https:\/\/www.athletic4you.be\/wp-content\/uploads\/2022\/02\/12pack-291x291.png 291w, https:\/\/www.athletic4you.be\/wp-content\/uploads\/2022\/02\/12pack-100x100.png 100w\" sizes=\"(max-width: 300px) 100vw, 300px\" \/><\/div>\n\t\t\t\t\t<div class=\"wc-block-grid__product-title\">Pack de 12 Spartiath<\/div>\n\t\t\t\t<\/a>\n\t\t\t\t<div class=\"wc-block-grid__product-onsale\">\n\t\t\t<span aria-hidden=\"true\">Promo<\/span>\n\t\t\t<span class=\"screen-reader-text\">Produit en promotion<\/span>\n\t\t<\/div>\n\t\t\t\t<div class=\"wc-block-grid__product-price price\"><del aria-hidden=\"true\"><span class=\"woocommerce-Price-amount amount\"><span class=\"woocommerce-Price-currencySymbol\">&euro;<\/span>&nbsp;30,00<\/span><\/del> <ins><span class=\"woocommerce-Price-amount amount\"><span class=\"woocommerce-Price-currencySymbol\">&euro;<\/span>&nbsp;25,00<\/span><\/ins><\/div>\n\t\t\t\t\n\t\t\t\t<div class=\"wp-block-button wc-block-grid__product-add-to-cart\"><a href=\"?add-to-cart=1769\" aria-label=\"Ajouter &ldquo;Pack de 12 Spartiath&rdquo; \u00e0 votre panier\" data-quantity=\"1\" data-product_id=\"1769\" data-product_sku=\"\" rel=\"nofollow\" class=\"wp-block-button__link add_to_cart_button ajax_add_to_cart\">Ajouter au panier<\/a><\/div>\n\t\t\t<\/li><li class=\"wc-block-grid__product\">\n\t\t\t\t<a href=\"https:\/\/www.athletic4you.be\/index.php\/product\/pack-de-6-spartiath\/\" class=\"wc-block-grid__product-link\">\n\t\t\t\t\t<div class=\"wc-block-grid__product-image\"><img width=\"300\" height=\"300\" src=\"https:\/\/www.athletic4you.be\/wp-content\/uploads\/2022\/02\/6pack-300x300.png\" class=\"attachment-woocommerce_thumbnail size-woocommerce_thumbnail\" alt=\"Pack de 6 Spartiath\" loading=\"lazy\" srcset=\"https:\/\/www.athletic4you.be\/wp-content\/uploads\/2022\/02\/6pack-300x300.png 300w, https:\/\/www.athletic4you.be\/wp-content\/uploads\/2022\/02\/6pack-150x150.png 150w, https:\/\/www.athletic4you.be\/wp-content\/uploads\/2022\/02\/6pack-140x140.png 140w, https:\/\/www.athletic4you.be\/wp-content\/uploads\/2022\/02\/6pack-120x120.png 120w, https:\/\/www.athletic4you.be\/wp-content\/uploads\/2022\/02\/6pack-370x370.png 370w, https:\/\/www.athletic4you.be\/wp-content\/uploads\/2022\/02\/6pack-291x291.png 291w, https:\/\/www.athletic4you.be\/wp-content\/uploads\/2022\/02\/6pack-100x100.png 100w\" sizes=\"(max-width: 300px) 100vw, 300px\" \/><\/div>\n\t\t\t\t\t<div class=\"wc-block-grid__product-title\">Pack de 6 Spartiath<\/div>\n\t\t\t\t<\/a>\n\t\t\t\t\n\t\t\t\t<div class=\"wc-block-grid__product-price price\"><span class=\"woocommerce-Price-amount amount\"><span class=\"woocommerce-Price-currencySymbol\">&euro;<\/span>&nbsp;15,00<\/span><\/div>\n\t\t\t\t\n\t\t\t\t<div class=\"wp-block-button wc-block-grid__product-add-to-cart\"><a href=\"?add-to-cart=1762\" aria-label=\"Ajouter &ldquo;Pack de 6 Spartiath&rdquo; \u00e0 votre panier\" data-quantity=\"1\" data-product_id=\"1762\" data-product_sku=\"\" rel=\"nofollow\" class=\"wp-block-button__link add_to_cart_button ajax_add_to_cart\">Ajouter au panier<\/a><\/div>\n\t\t\t<\/li><\/ul><\/div>\n\t\t\t","protected":false},"excerpt":{"rendered":"<p>Achat par cat\u00e9gorie Nouveaut\u00e9s Produits pr\u00e9f\u00e9r\u00e9s de vos clients En promotion Meilleurs produits<\/p>\n","protected":false},"author":1,"featured_media":0,"parent":0,"menu_order":0,"comment_status":"closed","ping_status":"closed","template":"","meta":{"spay_email":""},"_links":{"self":[{"href":"https:\/\/www.athletic4you.be\/index.php\/wp-json\/wp\/v2\/pages\/1765"}],"collection":[{"href":"https:\/\/www.athletic4you.be\/index.php\/wp-json\/wp\/v2\/pages"}],"about":[{"href":"https:\/\/www.athletic4you.be\/index.php\/wp-json\/wp\/v2\/types\/page"}],"author":[{"embeddable":true,"href":"https:\/\/www.athletic4you.be\/index.php\/wp-json\/wp\/v2\/users\/1"}],"replies":[{"embeddable":true,"href":"https:\/\/www.athletic4you.be\/index.php\/wp-json\/wp\/v2\/comments?post=1765"}],"version-history":[{"count":1,"href":"https:\/\/www.athletic4you.be\/index.php\/wp-json\/wp\/v2\/pages\/1765\/revisions"}],"predecessor-version":[{"id":1767,"href":"https:\/\/www.athletic4you.be\/index.php\/wp-json\/wp\/v2\/pages\/1765\/revisions\/1767"}],"wp:attachment":[{"href":"https:\/\/www.athletic4you.be\/index.php\/wp-json\/wp\/v2\/media?parent=1765"}],"curies":[{"name":"wp","href":"https:\/\/api.w.org\/{rel}","templated":true}]}}