{"id":2027,"date":"2023-02-11T21:14:32","date_gmt":"2023-02-11T20:14:32","guid":{"rendered":"https:\/\/www.athletic4you.be\/?page_id=2027"},"modified":"2025-05-05T20:41:36","modified_gmt":"2025-05-05T18:41:36","slug":"stage-dete-en-suisse","status":"publish","type":"page","link":"https:\/\/www.athletic4you.be\/index.php\/stage-dete-en-suisse\/","title":{"rendered":"Stage d&rsquo;\u00e9t\u00e9 en Suisse"},"content":{"rendered":"\t\t<div data-elementor-type=\"wp-page\" data-elementor-id=\"2027\" class=\"elementor elementor-2027\" data-elementor-settings=\"[]\">\n\t\t\t\t\t\t\t<div class=\"elementor-section-wrap\">\n\t\t\t\t\t\t\t<section class=\"elementor-section elementor-top-section elementor-element elementor-element-44fc153 elementor-section-boxed elementor-section-height-default elementor-section-height-default\" data-id=\"44fc153\" data-element_type=\"section\">\n\t\t\t\t\t\t<div class=\"elementor-container elementor-column-gap-default\">\n\t\t\t\t\t<div class=\"elementor-column elementor-col-100 elementor-top-column elementor-element elementor-element-253b5d1\" data-id=\"253b5d1\" data-element_type=\"column\">\n\t\t\t<div class=\"elementor-widget-wrap elementor-element-populated\">\n\t\t\t\t\t\t\t\t\t<\/div>\n\t\t<\/div>\n\t\t\t\t\t\t\t<\/div>\n\t\t<\/section>\n\t\t\t\t<section class=\"elementor-section elementor-top-section elementor-element elementor-element-722bcc7 elementor-section-boxed elementor-section-height-default elementor-section-height-default\" data-id=\"722bcc7\" data-element_type=\"section\">\n\t\t\t\t\t\t<div class=\"elementor-container elementor-column-gap-default\">\n\t\t\t\t\t<div class=\"elementor-column elementor-col-100 elementor-top-column elementor-element elementor-element-e765aff\" data-id=\"e765aff\" data-element_type=\"column\">\n\t\t\t<div class=\"elementor-widget-wrap elementor-element-populated\">\n\t\t\t\t\t\t\t\t<div class=\"elementor-element elementor-element-2d9d15a elementor-widget elementor-widget-image\" data-id=\"2d9d15a\" data-element_type=\"widget\" data-widget_type=\"image.default\">\n\t\t\t\t<div class=\"elementor-widget-container\">\n\t\t\t<style>\/*! elementor - v3.5.2 - 22-12-2021 *\/\n.elementor-widget-image{text-align:center}.elementor-widget-image a{display:inline-block}.elementor-widget-image a img[src$=\".svg\"]{width:48px}.elementor-widget-image img{vertical-align:middle;display:inline-block}<\/style>\t\t\t\t\t\t\t\t\t\t\t\t<img width=\"525\" height=\"766\" src=\"https:\/\/www.athletic4you.be\/wp-content\/uploads\/2025\/05\/stage-ete-nendaz-suisse-768x1120.png\" class=\"attachment-medium_large size-medium_large\" alt=\"\" loading=\"lazy\" srcset=\"https:\/\/www.athletic4you.be\/wp-content\/uploads\/2025\/05\/stage-ete-nendaz-suisse-768x1120.png 768w, https:\/\/www.athletic4you.be\/wp-content\/uploads\/2025\/05\/stage-ete-nendaz-suisse-206x300.png 206w, https:\/\/www.athletic4you.be\/wp-content\/uploads\/2025\/05\/stage-ete-nendaz-suisse-702x1024.png 702w, https:\/\/www.athletic4you.be\/wp-content\/uploads\/2025\/05\/stage-ete-nendaz-suisse-1053x1536.png 1053w, https:\/\/www.athletic4you.be\/wp-content\/uploads\/2025\/05\/stage-ete-nendaz-suisse-600x875.png 600w, https:\/\/www.athletic4you.be\/wp-content\/uploads\/2025\/05\/stage-ete-nendaz-suisse.png 1064w\" sizes=\"(max-width: 525px) 100vw, 525px\" \/>\t\t\t\t\t\t\t\t\t\t\t\t\t\t\t<\/div>\n\t\t\t\t<\/div>\n\t\t\t\t\t<\/div>\n\t\t<\/div>\n\t\t\t\t\t\t\t<\/div>\n\t\t<\/section>\n\t\t\t\t<section class=\"elementor-section elementor-top-section elementor-element elementor-element-9ac1ece elementor-section-boxed elementor-section-height-default elementor-section-height-default\" data-id=\"9ac1ece\" data-element_type=\"section\">\n\t\t\t\t\t\t<div class=\"elementor-container elementor-column-gap-default\">\n\t\t\t\t\t<div class=\"elementor-column elementor-col-100 elementor-top-column elementor-element elementor-element-f30b88a\" data-id=\"f30b88a\" data-element_type=\"column\">\n\t\t\t<div class=\"elementor-widget-wrap elementor-element-populated\">\n\t\t\t\t\t\t\t\t<div class=\"elementor-element elementor-element-50490be elementor-widget elementor-widget-text-editor\" data-id=\"50490be\" data-element_type=\"widget\" data-widget_type=\"text-editor.default\">\n\t\t\t\t<div class=\"elementor-widget-container\">\n\t\t\t<style>\/*! elementor - v3.5.2 - 22-12-2021 *\/\n.elementor-widget-text-editor.elementor-drop-cap-view-stacked .elementor-drop-cap{background-color:#818a91;color:#fff}.elementor-widget-text-editor.elementor-drop-cap-view-framed .elementor-drop-cap{color:#818a91;border:3px solid;background-color:transparent}.elementor-widget-text-editor:not(.elementor-drop-cap-view-default) .elementor-drop-cap{margin-top:8px}.elementor-widget-text-editor:not(.elementor-drop-cap-view-default) .elementor-drop-cap-letter{width:1em;height:1em}.elementor-widget-text-editor .elementor-drop-cap{float:left;text-align:center;line-height:1;font-size:50px}.elementor-widget-text-editor .elementor-drop-cap-letter{display:inline-block}<\/style>\t\t\t\t<p class=\"\" data-start=\"108\" data-end=\"342\">\ud83d\udd25 Cet \u00e9t\u00e9, on l\u00e2che les \u00e9crans, on chausse les baskets et on part \u00e0 l\u2019aventure ! \ud83d\udd25<br data-start=\"192\" data-end=\"195\" \/>L\u2019ASBL <strong data-start=\"202\" data-end=\"220\">Ath\u2019letic4 You<\/strong> t\u2019embarque pour <strong data-start=\"237\" data-end=\"287\">une semaine de sport &amp; de fun en pleine Suisse<\/strong>, du <strong data-start=\"292\" data-end=\"313\">9 au 16 ao\u00fbt 2025<\/strong>, au d\u00e9part d\u2019Ath en bus \ud83d\ude8c\ud83d\udca8<\/p><p class=\"\" data-start=\"344\" data-end=\"617\">\ud83d\udca5 Entre <strong data-start=\"353\" data-end=\"371\">rando de folie<\/strong>, <strong data-start=\"373\" data-end=\"385\">escalade<\/strong>, <strong data-start=\"387\" data-end=\"396\">kayak<\/strong>, <strong data-start=\"398\" data-end=\"414\">accrobranche<\/strong>, <strong data-start=\"416\" data-end=\"430\">laser game<\/strong>, <strong data-start=\"432\" data-end=\"444\">aquapark<\/strong>, et m\u00eame une <strong data-start=\"458\" data-end=\"476\">nuit en cabane<\/strong>, tu vas vivre une exp\u00e9rience inoubliable !<br data-start=\"519\" data-end=\"522\" \/>Et le soir ? Soir\u00e9es jeux, blind test, cin\u00e9\u2026 sans oublier la <strong data-start=\"583\" data-end=\"612\">m\u00e9ga boum de fin de stage<\/strong> \ud83c\udf89\ud83d\udd7a<\/p><p class=\"\" data-start=\"619\" data-end=\"772\">\ud83c\udfe1 On loge dans un chalet cosy au c\u0153ur des montagnes, avec une team d\u2019animateurs en or \ud83d\udcaa<br data-start=\"708\" data-end=\"711\" \/>Bref, tout est r\u00e9uni pour que ton \u00e9t\u00e9 2025 soit <strong data-start=\"759\" data-end=\"769\">\u00e9pique<\/strong> \ud83d\udcab<\/p><p class=\"\" data-start=\"774\" data-end=\"1014\">\ud83d\udce3 Les places sont limit\u00e9es\u2026 alors si tu veux vivre une semaine de dingue avec une bande de jeunes ultra motiv\u00e9s, <strong data-start=\"888\" data-end=\"923\">r\u00e9serve ta place d\u00e8s maintenant<\/strong> !<br data-start=\"925\" data-end=\"928\" \/>\ud83d\udc49 Infos &amp; inscriptions via le dossier d&rsquo;inscription ci-dessous.\u00a0<br data-start=\"975\" data-end=\"978\" \/>\ud83d\udce9 Ou envoie-nous un petit message !<\/p><p class=\"\" data-start=\"1016\" data-end=\"1083\">#SportEtAventure #StageSuisse2025 #Athletic4You #VacancesQuiBougent<\/p><p data-start=\"1016\" data-end=\"1083\">\u00a0<\/p><p>\u00a0<\/p><p>\u00a0<\/p><p>\u00a0<\/p><p>\u00a0<\/p>\t\t\t\t\t\t<\/div>\n\t\t\t\t<\/div>\n\t\t\t\t\t<\/div>\n\t\t<\/div>\n\t\t\t\t\t\t\t<\/div>\n\t\t<\/section>\n\t\t\t\t<section class=\"elementor-section elementor-top-section elementor-element elementor-element-e634f1c elementor-section-boxed elementor-section-height-default elementor-section-height-default\" data-id=\"e634f1c\" data-element_type=\"section\">\n\t\t\t\t\t\t<div class=\"elementor-container elementor-column-gap-default\">\n\t\t\t\t\t<div class=\"elementor-column elementor-col-100 elementor-top-column elementor-element elementor-element-2b014b3\" data-id=\"2b014b3\" data-element_type=\"column\">\n\t\t\t<div class=\"elementor-widget-wrap elementor-element-populated\">\n\t\t\t\t\t\t\t\t<div class=\"elementor-element elementor-element-8db9635 elementor-align-center elementor-widget elementor-widget-button\" data-id=\"8db9635\" data-element_type=\"widget\" data-widget_type=\"button.default\">\n\t\t\t\t<div class=\"elementor-widget-container\">\n\t\t\t\t\t<div class=\"elementor-button-wrapper\">\n\t\t\t<a href=\"http:\/\/www.athletic4you.be\/wp-content\/uploads\/2025\/05\/Dossier-dinfos-Stage-de\u0301te\u0301.pdf\" target=\"_blank\" class=\"elementor-button-link elementor-button elementor-size-sm\" role=\"button\">\n\t\t\t\t\t\t<span class=\"elementor-button-content-wrapper\">\n\t\t\t\t\t\t<span class=\"elementor-button-text\">T\u00e9l\u00e9chargez le dossier d'infos et d'inscription ici !<\/span>\n\t\t<\/span>\n\t\t\t\t\t<\/a>\n\t\t<\/div>\n\t\t\t\t<\/div>\n\t\t\t\t<\/div>\n\t\t\t\t\t<\/div>\n\t\t<\/div>\n\t\t\t\t\t\t\t<\/div>\n\t\t<\/section>\n\t\t\t\t<section class=\"elementor-section elementor-top-section elementor-element elementor-element-7fbfc84 elementor-section-boxed elementor-section-height-default elementor-section-height-default\" data-id=\"7fbfc84\" data-element_type=\"section\">\n\t\t\t\t\t\t<div class=\"elementor-container elementor-column-gap-default\">\n\t\t\t\t\t<div class=\"elementor-column elementor-col-50 elementor-top-column elementor-element elementor-element-26ed8a2\" data-id=\"26ed8a2\" data-element_type=\"column\">\n\t\t\t<div class=\"elementor-widget-wrap elementor-element-populated\">\n\t\t\t\t\t\t\t\t<div class=\"elementor-element elementor-element-3fce8ff elementor-widget elementor-widget-image\" data-id=\"3fce8ff\" data-element_type=\"widget\" data-widget_type=\"image.default\">\n\t\t\t\t<div class=\"elementor-widget-container\">\n\t\t\t\t\t\t\t\t\t\t\t\t\t\t\t<img width=\"570\" height=\"570\" src=\"https:\/\/www.athletic4you.be\/wp-content\/uploads\/2024\/02\/368975089_651790040229922_716195094642663050_n-570x570.jpg\" class=\"attachment-purehearts_570x570 size-purehearts_570x570\" alt=\"\" loading=\"lazy\" srcset=\"https:\/\/www.athletic4you.be\/wp-content\/uploads\/2024\/02\/368975089_651790040229922_716195094642663050_n-570x570.jpg 570w, https:\/\/www.athletic4you.be\/wp-content\/uploads\/2024\/02\/368975089_651790040229922_716195094642663050_n-150x150.jpg 150w, https:\/\/www.athletic4you.be\/wp-content\/uploads\/2024\/02\/368975089_651790040229922_716195094642663050_n-140x140.jpg 140w, https:\/\/www.athletic4you.be\/wp-content\/uploads\/2024\/02\/368975089_651790040229922_716195094642663050_n-120x120.jpg 120w, https:\/\/www.athletic4you.be\/wp-content\/uploads\/2024\/02\/368975089_651790040229922_716195094642663050_n-370x370.jpg 370w, https:\/\/www.athletic4you.be\/wp-content\/uploads\/2024\/02\/368975089_651790040229922_716195094642663050_n-291x291.jpg 291w, https:\/\/www.athletic4you.be\/wp-content\/uploads\/2024\/02\/368975089_651790040229922_716195094642663050_n-300x300.jpg 300w, https:\/\/www.athletic4you.be\/wp-content\/uploads\/2024\/02\/368975089_651790040229922_716195094642663050_n-100x100.jpg 100w\" sizes=\"(max-width: 570px) 100vw, 570px\" \/>\t\t\t\t\t\t\t\t\t\t\t\t\t\t\t<\/div>\n\t\t\t\t<\/div>\n\t\t\t\t\t<\/div>\n\t\t<\/div>\n\t\t\t\t<div class=\"elementor-column elementor-col-50 elementor-top-column elementor-element elementor-element-a89041e\" data-id=\"a89041e\" data-element_type=\"column\">\n\t\t\t<div class=\"elementor-widget-wrap elementor-element-populated\">\n\t\t\t\t\t\t\t\t<div class=\"elementor-element elementor-element-edddacb elementor-widget elementor-widget-image\" data-id=\"edddacb\" data-element_type=\"widget\" data-widget_type=\"image.default\">\n\t\t\t\t<div class=\"elementor-widget-container\">\n\t\t\t\t\t\t\t\t\t\t\t\t\t\t\t<img width=\"570\" height=\"570\" src=\"https:\/\/www.athletic4you.be\/wp-content\/uploads\/2024\/02\/368393044_1003198110879740_2862265860642832607_n-570x570.jpg\" class=\"attachment-purehearts_570x570 size-purehearts_570x570\" alt=\"\" loading=\"lazy\" srcset=\"https:\/\/www.athletic4you.be\/wp-content\/uploads\/2024\/02\/368393044_1003198110879740_2862265860642832607_n-570x570.jpg 570w, https:\/\/www.athletic4you.be\/wp-content\/uploads\/2024\/02\/368393044_1003198110879740_2862265860642832607_n-150x150.jpg 150w, https:\/\/www.athletic4you.be\/wp-content\/uploads\/2024\/02\/368393044_1003198110879740_2862265860642832607_n-140x140.jpg 140w, https:\/\/www.athletic4you.be\/wp-content\/uploads\/2024\/02\/368393044_1003198110879740_2862265860642832607_n-120x120.jpg 120w, https:\/\/www.athletic4you.be\/wp-content\/uploads\/2024\/02\/368393044_1003198110879740_2862265860642832607_n-370x370.jpg 370w, https:\/\/www.athletic4you.be\/wp-content\/uploads\/2024\/02\/368393044_1003198110879740_2862265860642832607_n-291x291.jpg 291w, https:\/\/www.athletic4you.be\/wp-content\/uploads\/2024\/02\/368393044_1003198110879740_2862265860642832607_n-300x300.jpg 300w, https:\/\/www.athletic4you.be\/wp-content\/uploads\/2024\/02\/368393044_1003198110879740_2862265860642832607_n-100x100.jpg 100w\" sizes=\"(max-width: 570px) 100vw, 570px\" \/>\t\t\t\t\t\t\t\t\t\t\t\t\t\t\t<\/div>\n\t\t\t\t<\/div>\n\t\t\t\t\t<\/div>\n\t\t<\/div>\n\t\t\t\t\t\t\t<\/div>\n\t\t<\/section>\n\t\t\t\t<section class=\"elementor-section elementor-top-section elementor-element elementor-element-24104c2 elementor-section-boxed elementor-section-height-default elementor-section-height-default\" data-id=\"24104c2\" data-element_type=\"section\">\n\t\t\t\t\t\t<div class=\"elementor-container elementor-column-gap-default\">\n\t\t\t\t\t<div class=\"elementor-column elementor-col-100 elementor-top-column elementor-element elementor-element-a75ef98\" data-id=\"a75ef98\" data-element_type=\"column\">\n\t\t\t<div class=\"elementor-widget-wrap elementor-element-populated\">\n\t\t\t\t\t\t\t\t<div class=\"elementor-element elementor-element-59b96b0 elementor-widget elementor-widget-image\" data-id=\"59b96b0\" data-element_type=\"widget\" data-widget_type=\"image.default\">\n\t\t\t\t<div class=\"elementor-widget-container\">\n\t\t\t\t\t\t\t\t\t\t\t\t<figure class=\"wp-caption\">\n\t\t\t\t\t\t\t\t\t\t<img width=\"1170\" height=\"500\" src=\"https:\/\/www.athletic4you.be\/wp-content\/uploads\/2024\/02\/363914318_809328860889720_2368699421727717468_n-1170x500.jpg\" class=\"attachment-purehearts_1170x500 size-purehearts_1170x500\" alt=\"\" loading=\"lazy\" \/>\t\t\t\t\t\t\t\t\t\t\t<figcaption class=\"widget-image-caption wp-caption-text\">Vue depuis le logement (Stage d'\u00e9t\u00e9 2023 au D\u00e9serteur - Nendaz \/ Suisse)<\/figcaption>\n\t\t\t\t\t\t\t\t\t\t<\/figure>\n\t\t\t\t\t\t\t\t\t<\/div>\n\t\t\t\t<\/div>\n\t\t\t\t\t<\/div>\n\t\t<\/div>\n\t\t\t\t\t\t\t<\/div>\n\t\t<\/section>\n\t\t\t\t<section class=\"elementor-section elementor-top-section elementor-element elementor-element-288ad9c elementor-section-boxed elementor-section-height-default elementor-section-height-default\" data-id=\"288ad9c\" data-element_type=\"section\">\n\t\t\t\t\t\t<div class=\"elementor-container elementor-column-gap-default\">\n\t\t\t\t\t<div class=\"elementor-column elementor-col-66 elementor-top-column elementor-element elementor-element-1fa70f1\" data-id=\"1fa70f1\" data-element_type=\"column\">\n\t\t\t<div class=\"elementor-widget-wrap elementor-element-populated\">\n\t\t\t\t\t\t\t\t<div class=\"elementor-element elementor-element-2498e3a elementor-widget elementor-widget-image\" data-id=\"2498e3a\" data-element_type=\"widget\" data-widget_type=\"image.default\">\n\t\t\t\t<div class=\"elementor-widget-container\">\n\t\t\t\t\t\t\t\t\t\t\t\t\t\t\t<img width=\"1170\" height=\"500\" src=\"https:\/\/www.athletic4you.be\/wp-content\/uploads\/2024\/02\/Capture-de\u0301cran-2024-02-24-a\u0300-19.07.32-1170x500.png\" class=\"attachment-purehearts_1170x500 size-purehearts_1170x500\" alt=\"\" loading=\"lazy\" \/>\t\t\t\t\t\t\t\t\t\t\t\t\t\t\t<\/div>\n\t\t\t\t<\/div>\n\t\t\t\t\t<\/div>\n\t\t<\/div>\n\t\t\t\t<div class=\"elementor-column elementor-col-33 elementor-top-column elementor-element elementor-element-1497d24\" data-id=\"1497d24\" data-element_type=\"column\">\n\t\t\t<div class=\"elementor-widget-wrap elementor-element-populated\">\n\t\t\t\t\t\t\t\t<div class=\"elementor-element elementor-element-8055a6f elementor-widget elementor-widget-image\" data-id=\"8055a6f\" data-element_type=\"widget\" data-widget_type=\"image.default\">\n\t\t\t\t<div class=\"elementor-widget-container\">\n\t\t\t\t\t\t\t\t\t\t\t\t\t\t\t<img width=\"570\" height=\"570\" src=\"https:\/\/www.athletic4you.be\/wp-content\/uploads\/2024\/02\/363757753_269714122492138_1611618629710120639_n-570x570.jpg\" class=\"attachment-purehearts_570x570 size-purehearts_570x570\" alt=\"\" loading=\"lazy\" srcset=\"https:\/\/www.athletic4you.be\/wp-content\/uploads\/2024\/02\/363757753_269714122492138_1611618629710120639_n-570x570.jpg 570w, https:\/\/www.athletic4you.be\/wp-content\/uploads\/2024\/02\/363757753_269714122492138_1611618629710120639_n-150x150.jpg 150w, https:\/\/www.athletic4you.be\/wp-content\/uploads\/2024\/02\/363757753_269714122492138_1611618629710120639_n-140x140.jpg 140w, https:\/\/www.athletic4you.be\/wp-content\/uploads\/2024\/02\/363757753_269714122492138_1611618629710120639_n-120x120.jpg 120w, https:\/\/www.athletic4you.be\/wp-content\/uploads\/2024\/02\/363757753_269714122492138_1611618629710120639_n-370x370.jpg 370w, https:\/\/www.athletic4you.be\/wp-content\/uploads\/2024\/02\/363757753_269714122492138_1611618629710120639_n-291x291.jpg 291w, https:\/\/www.athletic4you.be\/wp-content\/uploads\/2024\/02\/363757753_269714122492138_1611618629710120639_n-300x300.jpg 300w, https:\/\/www.athletic4you.be\/wp-content\/uploads\/2024\/02\/363757753_269714122492138_1611618629710120639_n-100x100.jpg 100w\" sizes=\"(max-width: 570px) 100vw, 570px\" \/>\t\t\t\t\t\t\t\t\t\t\t\t\t\t\t<\/div>\n\t\t\t\t<\/div>\n\t\t\t\t\t<\/div>\n\t\t<\/div>\n\t\t\t\t\t\t\t<\/div>\n\t\t<\/section>\n\t\t\t\t\t\t<\/div>\n\t\t\t\t\t<\/div>\n\t\t","protected":false},"excerpt":{"rendered":"<p>\ud83d\udd25 Cet \u00e9t\u00e9, on l\u00e2che les \u00e9crans, on chausse les baskets et on part \u00e0 l\u2019aventure ! \ud83d\udd25L\u2019ASBL Ath\u2019letic4 You t\u2019embarque pour une semaine de sport &amp; de fun en [&hellip;]<\/p>\n","protected":false},"author":1,"featured_media":0,"parent":0,"menu_order":0,"comment_status":"closed","ping_status":"closed","template":"","meta":{"spay_email":""},"_links":{"self":[{"href":"https:\/\/www.athletic4you.be\/index.php\/wp-json\/wp\/v2\/pages\/2027"}],"collection":[{"href":"https:\/\/www.athletic4you.be\/index.php\/wp-json\/wp\/v2\/pages"}],"about":[{"href":"https:\/\/www.athletic4you.be\/index.php\/wp-json\/wp\/v2\/types\/page"}],"author":[{"embeddable":true,"href":"https:\/\/www.athletic4you.be\/index.php\/wp-json\/wp\/v2\/users\/1"}],"replies":[{"embeddable":true,"href":"https:\/\/www.athletic4you.be\/index.php\/wp-json\/wp\/v2\/comments?post=2027"}],"version-history":[{"count":43,"href":"https:\/\/www.athletic4you.be\/index.php\/wp-json\/wp\/v2\/pages\/2027\/revisions"}],"predecessor-version":[{"id":2854,"href":"https:\/\/www.athletic4you.be\/index.php\/wp-json\/wp\/v2\/pages\/2027\/revisions\/2854"}],"wp:attachment":[{"href":"https:\/\/www.athletic4you.be\/index.php\/wp-json\/wp\/v2\/media?parent=2027"}],"curies":[{"name":"wp","href":"https:\/\/api.w.org\/{rel}","templated":true}]}}