{"id":512,"date":"2021-07-17T09:23:35","date_gmt":"2021-07-17T09:23:35","guid":{"rendered":"http:\/\/fastwpdemo.com\/newwp\/purehearts\/?page_id=512"},"modified":"2022-02-04T14:34:15","modified_gmt":"2022-02-04T13:34:15","slug":"devenir-benevole","status":"publish","type":"page","link":"https:\/\/www.athletic4you.be\/index.php\/devenir-benevole\/","title":{"rendered":"Devenir B\u00e9n\u00e9vole"},"content":{"rendered":"\t\t<div data-elementor-type=\"wp-page\" data-elementor-id=\"512\" class=\"elementor elementor-512\" data-elementor-settings=\"[]\">\n\t\t\t\t\t\t\t<div class=\"elementor-section-wrap\">\n\t\t\t\t\t\t\t<section class=\"elementor-section elementor-top-section elementor-element elementor-element-282c82e elementor-section-full_width elementor-section-height-default elementor-section-height-default\" data-id=\"282c82e\" data-element_type=\"section\">\n\t\t\t\t\t\t<div class=\"elementor-container elementor-column-gap-default\">\n\t\t\t\t\t<div class=\"elementor-column elementor-col-100 elementor-top-column elementor-element elementor-element-8f044a9\" data-id=\"8f044a9\" data-element_type=\"column\">\n\t\t\t<div class=\"elementor-widget-wrap elementor-element-populated\">\n\t\t\t\t\t\t\t\t<div class=\"elementor-element elementor-element-609d1b8 elementor-widget elementor-widget-purehearts_become_volunteer\" data-id=\"609d1b8\" data-element_type=\"widget\" data-widget_type=\"purehearts_become_volunteer.default\">\n\t\t\t\t<div class=\"elementor-widget-container\">\n\t\t\t        \n        <!-- volunteer-section -->\n        <section class=\"volunteer-section\">\n                        <figure class=\"image-layer wow slideInLeft animated animated\" data-wow-delay=\"00ms\" data-wow-duration=\"1500ms\"><img src=\"https:\/\/www.athletic4you.be\/wp-content\/uploads\/2021\/07\/volunteer-1.png\" alt=\"Awesome Image\"><\/figure>\n\t\t\t                        <div class=\"icon-layer\">\n                <div class=\"icon-1\"><img src=\"https:\/\/www.athletic4you.be\/wp-content\/themes\/purehearts\/assets\/images\/icons\/heart-6.png\" alt=\"\"><\/div>\n                <div class=\"icon-2\"><img src=\"https:\/\/www.athletic4you.be\/wp-content\/themes\/purehearts\/assets\/images\/icons\/heart-8.png\" alt=\"\"><\/div>\n                <div class=\"icon-3\"><img src=\"https:\/\/www.athletic4you.be\/wp-content\/themes\/purehearts\/assets\/images\/icons\/heart-9.png\" alt=\"\"><\/div>\n            <\/div>\n                        <div class=\"auto-container\">\n                <div class=\"row clearfix\">\n                    <div class=\"col-xl-6 col-lg-12 col-md-12 offset-xl-6 content-column\">\n                        <div class=\"content_block_9\">\n                            <div class=\"content-box\">\n                                                                <div class=\"sec-title\">\n                                    <span class=\"top-text\">Devenir B\u00e9n\u00e9vole<\/span>                                    <h2>Pour faire la diff\u00e9rence <\/h2>                                <\/div>\n                                                                \n                                <div class=\"volunteer-form\">\n                                    [contact-form-7 404 \"Non trouv\u00e9\"]                                <\/div>\n                                \n                            <\/div>\n                        <\/div>\n                    <\/div>\n                <\/div>\n            <\/div>\n        <\/section>\n        <!-- volunteer-section end -->\n                \n\t\t\t\t<\/div>\n\t\t\t\t<\/div>\n\t\t\t\t\t<\/div>\n\t\t<\/div>\n\t\t\t\t\t\t\t<\/div>\n\t\t<\/section>\n\t\t\t\t\t\t<\/div>\n\t\t\t\t\t<\/div>\n\t\t","protected":false},"excerpt":{"rendered":"<p>Devenir B\u00e9n\u00e9vole Pour faire la diff\u00e9rence Your Name * Email Address * Phone Num * Gender MaleFemaleOther Age 20+30+40+60+80+ Address * Submit Now<\/p>\n","protected":false},"author":1,"featured_media":0,"parent":0,"menu_order":0,"comment_status":"closed","ping_status":"closed","template":"tpl-default-elementor.php","meta":{"spay_email":""},"_links":{"self":[{"href":"https:\/\/www.athletic4you.be\/index.php\/wp-json\/wp\/v2\/pages\/512"}],"collection":[{"href":"https:\/\/www.athletic4you.be\/index.php\/wp-json\/wp\/v2\/pages"}],"about":[{"href":"https:\/\/www.athletic4you.be\/index.php\/wp-json\/wp\/v2\/types\/page"}],"author":[{"embeddable":true,"href":"https:\/\/www.athletic4you.be\/index.php\/wp-json\/wp\/v2\/users\/1"}],"replies":[{"embeddable":true,"href":"https:\/\/www.athletic4you.be\/index.php\/wp-json\/wp\/v2\/comments?post=512"}],"version-history":[{"count":5,"href":"https:\/\/www.athletic4you.be\/index.php\/wp-json\/wp\/v2\/pages\/512\/revisions"}],"predecessor-version":[{"id":1722,"href":"https:\/\/www.athletic4you.be\/index.php\/wp-json\/wp\/v2\/pages\/512\/revisions\/1722"}],"wp:attachment":[{"href":"https:\/\/www.athletic4you.be\/index.php\/wp-json\/wp\/v2\/media?parent=512"}],"curies":[{"name":"wp","href":"https:\/\/api.w.org\/{rel}","templated":true}]}}