{"id":689,"date":"2021-07-26T08:59:57","date_gmt":"2021-07-26T08:59:57","guid":{"rendered":"http:\/\/fastwpdemo.com\/newwp\/purehearts\/?page_id=689"},"modified":"2021-12-22T22:14:46","modified_gmt":"2021-12-22T21:14:46","slug":"donations-list-view","status":"publish","type":"page","link":"https:\/\/www.athletic4you.be\/index.php\/donations-list-view\/","title":{"rendered":"Donations List View"},"content":{"rendered":"\t\t<div data-elementor-type=\"wp-page\" data-elementor-id=\"689\" class=\"elementor elementor-689\" data-elementor-settings=\"[]\">\n\t\t\t\t\t\t\t<div class=\"elementor-section-wrap\">\n\t\t\t\t\t\t\t<section class=\"elementor-section elementor-top-section elementor-element elementor-element-6a38fd7 elementor-section-full_width elementor-section-height-default elementor-section-height-default\" data-id=\"6a38fd7\" data-element_type=\"section\">\n\t\t\t\t\t\t<div class=\"elementor-container elementor-column-gap-default\">\n\t\t\t\t\t<div class=\"elementor-column elementor-col-100 elementor-top-column elementor-element elementor-element-d73b1a7\" data-id=\"d73b1a7\" data-element_type=\"column\">\n\t\t\t<div class=\"elementor-widget-wrap elementor-element-populated\">\n\t\t\t\t\t\t\t\t<div class=\"elementor-element elementor-element-cef084e elementor-widget elementor-widget-purehearts_donations_list_view\" data-id=\"cef084e\" data-element_type=\"widget\" data-widget_type=\"purehearts_donations_list_view.default\">\n\t\t\t\t<div class=\"elementor-widget-container\">\n\t\t\t        \n        <!-- case-page-section -->\n        <section class=\"case-page-section list-view\">\n            <div class=\"auto-container\">\n                                <div class=\"case-block-four\">\n                    <div class=\"inner-box\">\n                        <div class=\"image-box\">\n                            <figure class=\"image\"><img width=\"530\" height=\"252\" src=\"https:\/\/www.athletic4you.be\/wp-content\/uploads\/2021\/07\/case-16-530x252.jpg\" class=\"attachment-purehearts_530x252 size-purehearts_530x252 wp-post-image\" alt=\"\" loading=\"lazy\" srcset=\"https:\/\/www.athletic4you.be\/wp-content\/uploads\/2021\/07\/case-16.jpg 530w, https:\/\/www.athletic4you.be\/wp-content\/uploads\/2021\/07\/case-16-300x143.jpg 300w\" sizes=\"(max-width: 530px) 100vw, 530px\" \/><\/figure>\n                            <div class=\"donate-inner clearfix\">\n                                <div class=\"pattern-layer\" style=\"background-image: url(https:\/\/www.athletic4you.be\/wp-content\/themes\/purehearts\/assets\/images\/shape\/shape-8.png);\"><\/div>\n                                <div class=\"donate-percentage\">\n                                    <div class=\"donate-bar\">\n                                        <div class=\"bar-inner\"><div class=\"bar progress-line\" data-width=\"0\"><div class=\"count-box\"><span class=\"count-text\" data-speed=\"2500\" data-stop=\"0\">0<\/span>%<\/div><\/div><\/div>\n                                    <\/div>\n                                    <div class=\"donate-bar-info\">\n                                        <div class=\"donate-percent\"><\/div>\n                                    <\/div>\n                                                                        <div class=\"amounts clearfix\">\n                                        <div class=\"pull-left number\"><span class=\"amount\">0.00&nbsp;&euro;<\/span> donated of <span class=\"goal-amount\">60,000.00&nbsp;&euro;<\/span> goal<\/div>\n                                    <\/div>\n                                                                    <\/div>\n                            <\/div>\n                        <\/div>\n                        <div class=\"content-box\">\n                            <div class=\"text\">\n                                <div class=\"category\">\u00c9v\u00e9nements pass\u00e9s<\/div>\n                                <h3><a href=\"https:\/\/www.athletic4you.be\/index.php\/campaigns\/feed-nutritious-meals-to-a-poor-rural-child-4\/\">Feed Nutritious Meals to a Poor Rural Child<\/a><\/h3>\n                                <p>One-Day Online Fundraiser Dharms of pleasure of the moment, so blinded by desire, that they cannot foresee the pain and on the other hand, we denounce with righteous indignation and ...<\/p>\n                            <\/div>\n                            <ul class=\"info-box clearfix\">\n                                <li>\n                                    <i class=\"fa fa-calendar\"><\/i>\n                                    <h5>Date:<\/h5>\n                                    <p>26 juillet 2021<\/p>\n                                <\/li>\n                                <li>\n                                    <i class=\"fa fa-users\"><\/i>\n                                    <h5>By:<\/h5>\n                                    <p>A4Y<\/p>\n                                <\/li>\n                            <\/ul>\n                        <\/div>\n                    <\/div>\n                <\/div>\n                                <div class=\"case-block-four\">\n                    <div class=\"inner-box\">\n                        <div class=\"image-box\">\n                            <figure class=\"image\"><img width=\"530\" height=\"252\" src=\"https:\/\/www.athletic4you.be\/wp-content\/uploads\/2021\/07\/mini-spartiath-530x252.png\" class=\"attachment-purehearts_530x252 size-purehearts_530x252 wp-post-image\" alt=\"\" loading=\"lazy\" srcset=\"https:\/\/www.athletic4you.be\/wp-content\/uploads\/2021\/07\/mini-spartiath.png 530w, https:\/\/www.athletic4you.be\/wp-content\/uploads\/2021\/07\/mini-spartiath-300x143.png 300w\" sizes=\"(max-width: 530px) 100vw, 530px\" \/><\/figure>\n                            <div class=\"donate-inner clearfix\">\n                                <div class=\"pattern-layer\" style=\"background-image: url(https:\/\/www.athletic4you.be\/wp-content\/themes\/purehearts\/assets\/images\/shape\/shape-8.png);\"><\/div>\n                                <div class=\"donate-percentage\">\n                                    <div class=\"donate-bar\">\n                                        <div class=\"bar-inner\"><div class=\"bar progress-line\" data-width=\"0\"><div class=\"count-box\"><span class=\"count-text\" data-speed=\"2500\" data-stop=\"0\">0<\/span>%<\/div><\/div><\/div>\n                                    <\/div>\n                                    <div class=\"donate-bar-info\">\n                                        <div class=\"donate-percent\"><\/div>\n                                    <\/div>\n                                                                        <div class=\"amounts clearfix\">\n                                        <div class=\"pull-left number\"><span class=\"amount\">0.00&nbsp;&euro;<\/span> donated of <span class=\"goal-amount\">10.00&nbsp;&euro;<\/span> goal<\/div>\n                                    <\/div>\n                                                                    <\/div>\n                            <\/div>\n                        <\/div>\n                        <div class=\"content-box\">\n                            <div class=\"text\">\n                                <div class=\"category\">\u00c9v\u00e9nements pass\u00e9s<\/div>\n                                <h3><a href=\"https:\/\/www.athletic4you.be\/index.php\/campaigns\/help-differently-abled-person-to-feel-confident-3\/\">Journ\u00e9e des Mini Spartiath<\/a><\/h3>\n                                <p>Skydive For Our Volunteers Dharms of pleasure of the moment, so blinded by desire, that they cannot foresee the pain and on the other hand, we denounce with righteous indignation ...<\/p>\n                            <\/div>\n                            <ul class=\"info-box clearfix\">\n                                <li>\n                                    <i class=\"fa fa-calendar\"><\/i>\n                                    <h5>Date:<\/h5>\n                                    <p>26 juillet 2021<\/p>\n                                <\/li>\n                                <li>\n                                    <i class=\"fa fa-users\"><\/i>\n                                    <h5>By:<\/h5>\n                                    <p>A4Y<\/p>\n                                <\/li>\n                            <\/ul>\n                        <\/div>\n                    <\/div>\n                <\/div>\n                                <div class=\"case-block-four\">\n                    <div class=\"inner-box\">\n                        <div class=\"image-box\">\n                            <figure class=\"image\"><img width=\"530\" height=\"252\" src=\"https:\/\/www.athletic4you.be\/wp-content\/uploads\/2021\/07\/case-18-530x252.jpg\" class=\"attachment-purehearts_530x252 size-purehearts_530x252 wp-post-image\" alt=\"\" loading=\"lazy\" srcset=\"https:\/\/www.athletic4you.be\/wp-content\/uploads\/2021\/07\/case-18.jpg 530w, https:\/\/www.athletic4you.be\/wp-content\/uploads\/2021\/07\/case-18-300x143.jpg 300w\" sizes=\"(max-width: 530px) 100vw, 530px\" \/><\/figure>\n                            <div class=\"donate-inner clearfix\">\n                                <div class=\"pattern-layer\" style=\"background-image: url(https:\/\/www.athletic4you.be\/wp-content\/themes\/purehearts\/assets\/images\/shape\/shape-8.png);\"><\/div>\n                                <div class=\"donate-percentage\">\n                                    <div class=\"donate-bar\">\n                                        <div class=\"bar-inner\"><div class=\"bar progress-line\" data-width=\"0\"><div class=\"count-box\"><span class=\"count-text\" data-speed=\"2500\" data-stop=\"0\">0<\/span>%<\/div><\/div><\/div>\n                                    <\/div>\n                                    <div class=\"donate-bar-info\">\n                                        <div class=\"donate-percent\"><\/div>\n                                    <\/div>\n                                                                        <div class=\"amounts clearfix\">\n                                        <div class=\"pull-left number\"><span class=\"amount\">0.00&nbsp;&euro;<\/span> donated of <span class=\"goal-amount\">80,000.00&nbsp;&euro;<\/span> goal<\/div>\n                                    <\/div>\n                                                                    <\/div>\n                            <\/div>\n                        <\/div>\n                        <div class=\"content-box\">\n                            <div class=\"text\">\n                                <div class=\"category\">\u00c9v\u00e9nements pass\u00e9s<\/div>\n                                <h3><a href=\"https:\/\/www.athletic4you.be\/index.php\/campaigns\/potable-water-for-villages-in-mozambique-3\/\">Potable Water for Villages In Mozambique<\/a><\/h3>\n                                <p>Royal Parks Half Marathon Dharms of pleasure of the moment, so blinded by desire, that they cannot foresee the pain and on the other hand, we denounce with righteous indignation ...<\/p>\n                            <\/div>\n                            <ul class=\"info-box clearfix\">\n                                <li>\n                                    <i class=\"fa fa-calendar\"><\/i>\n                                    <h5>Date:<\/h5>\n                                    <p>26 juillet 2021<\/p>\n                                <\/li>\n                                <li>\n                                    <i class=\"fa fa-users\"><\/i>\n                                    <h5>By:<\/h5>\n                                    <p>A4Y<\/p>\n                                <\/li>\n                            <\/ul>\n                        <\/div>\n                    <\/div>\n                <\/div>\n                                <div class=\"case-block-four\">\n                    <div class=\"inner-box\">\n                        <div class=\"image-box\">\n                            <figure class=\"image\"><img width=\"530\" height=\"252\" src=\"https:\/\/www.athletic4you.be\/wp-content\/uploads\/2021\/07\/case-19-530x252.jpg\" class=\"attachment-purehearts_530x252 size-purehearts_530x252 wp-post-image\" alt=\"\" loading=\"lazy\" srcset=\"https:\/\/www.athletic4you.be\/wp-content\/uploads\/2021\/07\/case-19.jpg 530w, https:\/\/www.athletic4you.be\/wp-content\/uploads\/2021\/07\/case-19-300x143.jpg 300w\" sizes=\"(max-width: 530px) 100vw, 530px\" \/><\/figure>\n                            <div class=\"donate-inner clearfix\">\n                                <div class=\"pattern-layer\" style=\"background-image: url(https:\/\/www.athletic4you.be\/wp-content\/themes\/purehearts\/assets\/images\/shape\/shape-8.png);\"><\/div>\n                                <div class=\"donate-percentage\">\n                                    <div class=\"donate-bar\">\n                                        <div class=\"bar-inner\"><div class=\"bar progress-line\" data-width=\"0\"><div class=\"count-box\"><span class=\"count-text\" data-speed=\"2500\" data-stop=\"0\">0<\/span>%<\/div><\/div><\/div>\n                                    <\/div>\n                                    <div class=\"donate-bar-info\">\n                                        <div class=\"donate-percent\"><\/div>\n                                    <\/div>\n                                                                        <div class=\"amounts clearfix\">\n                                        <div class=\"pull-left number\"><span class=\"amount\">0.00&nbsp;&euro;<\/span> donated of <span class=\"goal-amount\">45,000.00&nbsp;&euro;<\/span> goal<\/div>\n                                    <\/div>\n                                                                    <\/div>\n                            <\/div>\n                        <\/div>\n                        <div class=\"content-box\">\n                            <div class=\"text\">\n                                <div class=\"category\">\u00c9v\u00e9nements pass\u00e9s<\/div>\n                                <h3><a href=\"https:\/\/www.athletic4you.be\/index.php\/campaigns\/sponsor-milk-bread-to-200-poor-people-in-gh\/\">Sponsor Milk &#038; Bread to 200 Poor People in GH<\/a><\/h3>\n                                <p>Pure Hearts Present Virtual Brain Game Dharms of pleasure of the moment, so blinded by desire, that they cannot foresee the pain and on the other hand, we denounce with ...<\/p>\n                            <\/div>\n                            <ul class=\"info-box clearfix\">\n                                <li>\n                                    <i class=\"fa fa-calendar\"><\/i>\n                                    <h5>Date:<\/h5>\n                                    <p>26 juillet 2021<\/p>\n                                <\/li>\n                                <li>\n                                    <i class=\"fa fa-users\"><\/i>\n                                    <h5>By:<\/h5>\n                                    <p>A4Y<\/p>\n                                <\/li>\n                            <\/ul>\n                        <\/div>\n                    <\/div>\n                <\/div>\n                                <div class=\"case-block-four\">\n                    <div class=\"inner-box\">\n                        <div class=\"image-box\">\n                            <figure class=\"image\"><img width=\"530\" height=\"252\" src=\"https:\/\/www.athletic4you.be\/wp-content\/uploads\/2021\/07\/case-20-530x252.jpg\" class=\"attachment-purehearts_530x252 size-purehearts_530x252 wp-post-image\" alt=\"\" loading=\"lazy\" srcset=\"https:\/\/www.athletic4you.be\/wp-content\/uploads\/2021\/07\/case-20.jpg 530w, https:\/\/www.athletic4you.be\/wp-content\/uploads\/2021\/07\/case-20-300x143.jpg 300w\" sizes=\"(max-width: 530px) 100vw, 530px\" \/><\/figure>\n                            <div class=\"donate-inner clearfix\">\n                                <div class=\"pattern-layer\" style=\"background-image: url(https:\/\/www.athletic4you.be\/wp-content\/themes\/purehearts\/assets\/images\/shape\/shape-8.png);\"><\/div>\n                                <div class=\"donate-percentage\">\n                                    <div class=\"donate-bar\">\n                                        <div class=\"bar-inner\"><div class=\"bar progress-line\" data-width=\"0\"><div class=\"count-box\"><span class=\"count-text\" data-speed=\"2500\" data-stop=\"0\">0<\/span>%<\/div><\/div><\/div>\n                                    <\/div>\n                                    <div class=\"donate-bar-info\">\n                                        <div class=\"donate-percent\"><\/div>\n                                    <\/div>\n                                                                        <div class=\"amounts clearfix\">\n                                        <div class=\"pull-left number\"><span class=\"amount\">0.00&nbsp;&euro;<\/span> donated of <span class=\"goal-amount\">80,000.00&nbsp;&euro;<\/span> goal<\/div>\n                                    <\/div>\n                                                                    <\/div>\n                            <\/div>\n                        <\/div>\n                        <div class=\"content-box\">\n                            <div class=\"text\">\n                                <div class=\"category\">\u00c9v\u00e9nements pass\u00e9s<\/div>\n                                <h3><a href=\"https:\/\/www.athletic4you.be\/index.php\/campaigns\/potable-water-for-villages-in-mozambique-4\/\">Potable Water for Villages In Mozambique<\/a><\/h3>\n                                <p>USA Walks, Treks and Hikes Dharms of pleasure of the moment, so blinded by desire, that they cannot foresee the pain and on the other hand, we denounce with righteous ...<\/p>\n                            <\/div>\n                            <ul class=\"info-box clearfix\">\n                                <li>\n                                    <i class=\"fa fa-calendar\"><\/i>\n                                    <h5>Date:<\/h5>\n                                    <p>26 juillet 2021<\/p>\n                                <\/li>\n                                <li>\n                                    <i class=\"fa fa-users\"><\/i>\n                                    <h5>By:<\/h5>\n                                    <p>A4Y<\/p>\n                                <\/li>\n                            <\/ul>\n                        <\/div>\n                    <\/div>\n                <\/div>\n                                <div class=\"pagination-wrapper centred\">\n                    <ul class=\"pagination\">\n\t<li><span class=\"page-numbers current\">1<\/span><\/li>\n\t<li><a class=\"page-numbers\" href=\"https:\/\/www.athletic4you.be\/index.php\/wp-json\/wp\/v2\/pages\/689\/page\/2\/\">2<\/a><\/li>\n\t<li><a class=\"next page-numbers\" href=\"https:\/\/www.athletic4you.be\/index.php\/wp-json\/wp\/v2\/pages\/689\/page\/2\/\"><i class=\"fa fa-arrow-right\"><\/i> <\/a><\/li>\n<\/ul>\n                <\/div>\n            <\/div>\n        <\/section>\n        <!-- case-page-section end -->\n                \n        \t\t<\/div>\n\t\t\t\t<\/div>\n\t\t\t\t\t<\/div>\n\t\t<\/div>\n\t\t\t\t\t\t\t<\/div>\n\t\t<\/section>\n\t\t\t\t<section class=\"elementor-section elementor-top-section elementor-element elementor-element-ea16f7f elementor-section-full_width elementor-section-height-default elementor-section-height-default\" data-id=\"ea16f7f\" data-element_type=\"section\">\n\t\t\t\t\t\t<div class=\"elementor-container elementor-column-gap-default\">\n\t\t\t\t\t<div class=\"elementor-column elementor-col-100 elementor-top-column elementor-element elementor-element-30eed95\" data-id=\"30eed95\" data-element_type=\"column\">\n\t\t\t<div class=\"elementor-widget-wrap elementor-element-populated\">\n\t\t\t\t\t\t\t\t<div class=\"elementor-element elementor-element-95e6448 elementor-widget elementor-widget-purehearts_newsletter\" data-id=\"95e6448\" data-element_type=\"widget\" data-widget_type=\"purehearts_newsletter.default\">\n\t\t\t\t<div class=\"elementor-widget-container\">\n\t\t\t        \n        <!-- subscribe-section -->\n        <section class=\"subscribe-section \">\n            <div class=\"bg-layer\"><\/div>\n            <div class=\"auto-container\">\n                <div class=\"inner-box clearfix\">\n                    <div class=\"left-column pull-left\">\n                                                <div class=\"logo-box\">\n                            <div class=\"shape\" style=\"background-image: url(https:\/\/www.athletic4you.be\/wp-content\/themes\/purehearts\/assets\/images\/shape\/shape-1.png);\"><\/div>\n                            <figure class=\"logo\"><a href=\"https:\/\/www.athletic4you.be\/\"><img src=\"https:\/\/www.athletic4you.be\/wp-content\/uploads\/2021\/07\/logo-3.png\" alt=\"Awesome Image\"><\/a><\/figure>\n                        <\/div>\n                                                                        <div class=\"text\">\n                            <h3><i class=\"icon-email-open-sketched-envelope\"><\/i>Subscribe <br \/>Our Newsletter<\/h3>\n                        <\/div>\n                                            <\/div>\n                    <div class=\"right-column pull-right clearfix\">\n                                                <div class=\"form-inner\">\n                            <div class=\"subscribe-form\">\n                                <script>(function() {\n\twindow.mc4wp = window.mc4wp || {\n\t\tlisteners: [],\n\t\tforms: {\n\t\t\ton: function(evt, cb) {\n\t\t\t\twindow.mc4wp.listeners.push(\n\t\t\t\t\t{\n\t\t\t\t\t\tevent   : evt,\n\t\t\t\t\t\tcallback: cb\n\t\t\t\t\t}\n\t\t\t\t);\n\t\t\t}\n\t\t}\n\t}\n})();\n<\/script><!-- Mailchimp for WordPress v4.8.6 - https:\/\/wordpress.org\/plugins\/mailchimp-for-wp\/ --><form id=\"mc4wp-form-1\" class=\"mc4wp-form mc4wp-form-255\" method=\"post\" data-id=\"255\" data-name=\"\" ><div class=\"mc4wp-form-fields\"><div class=\"form-group\">\r\n<input type=\"email\" name=\"EMAIL\" placeholder=\"Votre adresse email\" required \/>\r\n<button type=\"submit\">Je m'inscris !<\/button>\r\n<\/div><\/div><label style=\"display: none !important;\">Laissez ce champ vide si vous \u00eates humain\u00a0: <input type=\"text\" name=\"_mc4wp_honeypot\" value=\"\" tabindex=\"-1\" autocomplete=\"off\" \/><\/label><input type=\"hidden\" name=\"_mc4wp_timestamp\" value=\"1777645511\" \/><input type=\"hidden\" name=\"_mc4wp_form_id\" value=\"255\" \/><input type=\"hidden\" name=\"_mc4wp_form_element_id\" value=\"mc4wp-form-1\" \/><div class=\"mc4wp-response\"><\/div><\/form><!-- \/ Mailchimp for WordPress Plugin -->                            <\/div>\n                        <\/div>\n                                                <ul class=\"social-style-one clearfix\">\n                                                        <li><a href=\"https:\/\/www.facebook.com\/\"><i class=\"fa fa fa-facebook-f\"><\/i><\/a><\/li>\n                                                        <li><a href=\"https:\/\/www.twitter.com\/\"><i class=\"fa fa fa-twitter\"><\/i><\/a><\/li>\n                                                        <li><a href=\"https:\/\/www.linkedin.com\/\"><i class=\"fa fa fa-linkedin\"><\/i><\/a><\/li>\n                                                    <\/ul>\n                    <\/div>\n                <\/div>\n            <\/div>\n        <\/section>\n        <!-- subscribe-section end -->\n                \n\t\t\t\t<\/div>\n\t\t\t\t<\/div>\n\t\t\t\t\t<\/div>\n\t\t<\/div>\n\t\t\t\t\t\t\t<\/div>\n\t\t<\/section>\n\t\t\t\t\t\t<\/div>\n\t\t\t\t\t<\/div>\n\t\t","protected":false},"excerpt":{"rendered":"<p>0% &#036;0.00 donated of &#036;60,000.00 goal Causes List View Feed Nutritious Meals to a Poor Rural Child Indignation and dislike men who are like most beguiled demoralized demoralized charms of [&hellip;]<\/p>\n","protected":false},"author":1,"featured_media":0,"parent":0,"menu_order":0,"comment_status":"closed","ping_status":"closed","template":"tpl-default-elementor.php","meta":{"spay_email":""},"_links":{"self":[{"href":"https:\/\/www.athletic4you.be\/index.php\/wp-json\/wp\/v2\/pages\/689"}],"collection":[{"href":"https:\/\/www.athletic4you.be\/index.php\/wp-json\/wp\/v2\/pages"}],"about":[{"href":"https:\/\/www.athletic4you.be\/index.php\/wp-json\/wp\/v2\/types\/page"}],"author":[{"embeddable":true,"href":"https:\/\/www.athletic4you.be\/index.php\/wp-json\/wp\/v2\/users\/1"}],"replies":[{"embeddable":true,"href":"https:\/\/www.athletic4you.be\/index.php\/wp-json\/wp\/v2\/comments?post=689"}],"version-history":[{"count":1,"href":"https:\/\/www.athletic4you.be\/index.php\/wp-json\/wp\/v2\/pages\/689\/revisions"}],"predecessor-version":[{"id":1394,"href":"https:\/\/www.athletic4you.be\/index.php\/wp-json\/wp\/v2\/pages\/689\/revisions\/1394"}],"wp:attachment":[{"href":"https:\/\/www.athletic4you.be\/index.php\/wp-json\/wp\/v2\/media?parent=689"}],"curies":[{"name":"wp","href":"https:\/\/api.w.org\/{rel}","templated":true}]}}