{"id":827,"date":"2021-07-27T11:41:14","date_gmt":"2021-07-27T11:41:14","guid":{"rendered":"http:\/\/fastwpdemo.com\/newwp\/purehearts\/?page_id=827"},"modified":"2023-02-07T14:03:14","modified_gmt":"2023-02-07T13:03:14","slug":"contact","status":"publish","type":"page","link":"https:\/\/www.athletic4you.be\/index.php\/contact\/","title":{"rendered":"Contact"},"content":{"rendered":"\t\t<div data-elementor-type=\"wp-page\" data-elementor-id=\"827\" class=\"elementor elementor-827\" data-elementor-settings=\"[]\">\n\t\t\t\t\t\t\t<div class=\"elementor-section-wrap\">\n\t\t\t\t\t\t\t<section class=\"elementor-section elementor-top-section elementor-element elementor-element-7bad4e4 elementor-section-full_width elementor-section-height-default elementor-section-height-default\" data-id=\"7bad4e4\" data-element_type=\"section\">\n\t\t\t\t\t\t<div class=\"elementor-container elementor-column-gap-default\">\n\t\t\t\t\t<div class=\"elementor-column elementor-col-100 elementor-top-column elementor-element elementor-element-e6a24bc\" data-id=\"e6a24bc\" data-element_type=\"column\">\n\t\t\t<div class=\"elementor-widget-wrap elementor-element-populated\">\n\t\t\t\t\t\t\t\t<div class=\"elementor-element elementor-element-ec7178e elementor-widget elementor-widget-purehearts_contact_us\" data-id=\"ec7178e\" data-element_type=\"widget\" data-widget_type=\"purehearts_contact_us.default\">\n\t\t\t\t<div class=\"elementor-widget-container\">\n\t\t\t        \n        <!-- contact-section -->\n        <section class=\"contact-section sec-pad\">\n            <div class=\"auto-container\">\n                <div class=\"row clearfix\">\n                    <div class=\"col-lg-4 col-md-12 col-sm-12 inner-column\">\n                        <div class=\"contact-info-inner\">\n                                                        <div class=\"sec-title\">\n                                <span class=\"top-text\">Restons en contact !<\/span>                                <h2>\u00c0 votre \u00e9coute ! <\/h2>                                <p>Une id\u00e9e de partenariat ou de projet ? A4Y se plierait en 4 pour faire bouger et rayonner les enfants ! Contactez-nous et r\u00e9alisons-le ensemble<\/p>                            <\/div>\n                                                        <div class=\"info-box\">\n                                                                <div class=\"single-item\">\n                                    <h4>T\u00e9l\u00e9phone : <\/h4>\n                                    <div class=\"text\">\n                                        <div class=\"icon-box\"><i class=\"icon-phone-call\"><\/i><\/div>\n                                        <p>Yohan De Taeye<br \/><a href=\"tel:23345678901\">(+32)497\/75.81.24<\/a><\/p>\n                                    <\/div>\n                                <\/div>\n                                                                <div class=\"single-item\">\n                                    <h4>Email : <\/h4>\n                                    <div class=\"text\">\n                                        <div class=\"icon-box\"><i class=\"icon-letter\"><\/i><\/div>\n                                        <p>Ecrivez nous \u00e0 <br \/><a href=\"mailto:contact@athletic4you.be\">contact@athletic4you.be<\/a><\/p>\n                                    <\/div>\n                                <\/div>\n                                                                <div class=\"single-item\">\n                                    <h4>Si\u00e8ge Social<\/h4>\n                                    <div class=\"text\">\n                                        <div class=\"icon-box\"><i class=\"icon-location\"><\/i><\/div>\n                                        <p>Rue de la Cigogne 3 bt4 <br \/>7800 Ath<\/p>\n                                    <\/div>\n                                <\/div>\n                                                            <\/div>\n                        <\/div>\n                    <\/div>\n                                        <div class=\"col-lg-4 col-md-12 col-sm-12 image-column\">\n                        <figure class=\"image-box\"><img src=\"https:\/\/www.athletic4you.be\/wp-content\/uploads\/2022\/11\/Yohan-contact-v2.png\" alt=\"Awesome Image\"><\/figure>\n                    <\/div>\n                                        <div class=\"col-lg-4 col-md-12 col-sm-12 inner-column\">\n                        <div class=\"contact-form-inner\">\n                                                        <div class=\"sec-title\">\n                                <span class=\"top-text\">Formulaire de contact<\/span>                                <h2>Laissez nous un message<\/h2>                                <p>Remplissez les champs ci-dessous et nous r\u00e9pondrons au plus vite par mail  ! <\/p>                            <\/div>\n                                                        \n                                                        <div class=\"form-inner\">\n                                <div class=\"default-form\"> \n                                    <div class=\"wpforms-container wpforms-container-full\" id=\"wpforms-2017\"><form id=\"wpforms-form-2017\" class=\"wpforms-validate wpforms-form wpforms-ajax-form\" data-formid=\"2017\" method=\"post\" enctype=\"multipart\/form-data\" action=\"\/index.php\/wp-json\/wp\/v2\/pages\/827\" data-token=\"4f3621eae5f610b7bd090d29d878900d\"><noscript class=\"wpforms-error-noscript\">Veuillez activer JavaScript dans votre navigateur pour remplir ce formulaire.<\/noscript><div class=\"wpforms-field-container\"><div id=\"wpforms-2017-field_0-container\" class=\"wpforms-field wpforms-field-name\" data-field-id=\"0\"><label class=\"wpforms-field-label\" for=\"wpforms-2017-field_0\">Nom <span class=\"wpforms-required-label\">*<\/span><\/label><div class=\"wpforms-field-row wpforms-field-medium\"><div class=\"wpforms-field-row-block wpforms-first wpforms-one-half\"><input type=\"text\" id=\"wpforms-2017-field_0\" class=\"wpforms-field-name-first wpforms-field-required\" name=\"wpforms[fields][0][first]\" required><label for=\"wpforms-2017-field_0\" class=\"wpforms-field-sublabel after \">Pr\u00e9nom<\/label><\/div><div class=\"wpforms-field-row-block wpforms-one-half\"><input type=\"text\" id=\"wpforms-2017-field_0-last\" class=\"wpforms-field-name-last wpforms-field-required\" name=\"wpforms[fields][0][last]\" required><label for=\"wpforms-2017-field_0-last\" class=\"wpforms-field-sublabel after \">Nom<\/label><\/div><\/div><\/div><div id=\"wpforms-2017-field_1-container\" class=\"wpforms-field wpforms-field-email\" data-field-id=\"1\"><label class=\"wpforms-field-label\" for=\"wpforms-2017-field_1\">E-mail <span class=\"wpforms-required-label\">*<\/span><\/label><input type=\"email\" id=\"wpforms-2017-field_1\" class=\"wpforms-field-medium wpforms-field-required\" name=\"wpforms[fields][1]\" required><\/div><div id=\"wpforms-2017-field_3-container\" class=\"wpforms-field wpforms-field-text\" data-field-id=\"3\"><label class=\"wpforms-field-label\" for=\"wpforms-2017-field_3\">T\u00e9l\u00e9phone<\/label><input type=\"text\" id=\"wpforms-2017-field_3\" class=\"wpforms-field-medium\" name=\"wpforms[fields][3]\" ><\/div><div id=\"wpforms-2017-field_2-container\" class=\"wpforms-field wpforms-field-textarea\" data-field-id=\"2\"><label class=\"wpforms-field-label\" for=\"wpforms-2017-field_2\">Commentaire ou message<\/label><textarea id=\"wpforms-2017-field_2\" class=\"wpforms-field-medium\" name=\"wpforms[fields][2]\" ><\/textarea><\/div><\/div><div class=\"wpforms-recaptcha-container wpforms-is-recaptcha\"><div class=\"g-recaptcha\" data-sitekey=\"6LfQ58AZAAAAAKz7ESK0n3eeahDg0pF5DGB5VoHT\"><\/div><input type=\"text\" name=\"g-recaptcha-hidden\" class=\"wpforms-recaptcha-hidden\" style=\"position:absolute!important;clip:rect(0,0,0,0)!important;height:1px!important;width:1px!important;border:0!important;overflow:hidden!important;padding:0!important;margin:0!important;\" required><\/div><div class=\"wpforms-submit-container\"><input type=\"hidden\" name=\"wpforms[id]\" value=\"2017\"><input type=\"hidden\" name=\"wpforms[author]\" value=\"1\"><button type=\"submit\" name=\"wpforms[submit]\" id=\"wpforms-submit-2017\" class=\"wpforms-submit\" data-alt-text=\"Envoi...\" data-submit-text=\"Envoyer\" aria-live=\"assertive\" value=\"wpforms-submit\">Envoyer<\/button><img loading=\"lazy\" src=\"https:\/\/www.athletic4you.be\/wp-content\/plugins\/wpforms-lite\/assets\/images\/submit-spin.svg\" class=\"wpforms-submit-spinner\" style=\"display: none;\" width=\"26\" height=\"26\" alt=\"Chargement en cours\"><\/div><\/form><\/div>  <!-- .wpforms-container -->                                <\/div>\n                            <\/div>\n                                                    <\/div>\n                    <\/div>\n                <\/div>\n            <\/div>\n        <\/section>\n        <!-- contact-section end -->\n                \n\t\t\t\t<\/div>\n\t\t\t\t<\/div>\n\t\t\t\t\t<\/div>\n\t\t<\/div>\n\t\t\t\t\t\t\t<\/div>\n\t\t<\/section>\n\t\t\t\t<section class=\"elementor-section elementor-top-section elementor-element elementor-element-6c360d1 elementor-section-full_width elementor-section-height-default elementor-section-height-default\" data-id=\"6c360d1\" data-element_type=\"section\">\n\t\t\t\t\t\t<div class=\"elementor-container elementor-column-gap-default\">\n\t\t\t\t\t<div class=\"elementor-column elementor-col-100 elementor-top-column elementor-element elementor-element-2f758e1\" data-id=\"2f758e1\" data-element_type=\"column\">\n\t\t\t<div class=\"elementor-widget-wrap\">\n\t\t\t\t\t\t\t\t\t<\/div>\n\t\t<\/div>\n\t\t\t\t\t\t\t<\/div>\n\t\t<\/section>\n\t\t\t\t<section class=\"elementor-section elementor-top-section elementor-element elementor-element-1c9e6e3 elementor-section-full_width elementor-section-height-default elementor-section-height-default\" data-id=\"1c9e6e3\" data-element_type=\"section\">\n\t\t\t\t\t\t<div class=\"elementor-container elementor-column-gap-default\">\n\t\t\t\t\t<div class=\"elementor-column elementor-col-100 elementor-top-column elementor-element elementor-element-29675b1\" data-id=\"29675b1\" data-element_type=\"column\">\n\t\t\t<div class=\"elementor-widget-wrap elementor-element-populated\">\n\t\t\t\t\t\t\t\t<div class=\"elementor-element elementor-element-2244806 elementor-widget elementor-widget-purehearts_newsletter\" data-id=\"2244806\" data-element_type=\"widget\" data-widget_type=\"purehearts_newsletter.default\">\n\t\t\t\t<div class=\"elementor-widget-container\">\n\t\t\t        \n        <!-- subscribe-section -->\n        <section class=\"subscribe-section \">\n            <div class=\"bg-layer\"><\/div>\n            <div class=\"auto-container\">\n                <div class=\"inner-box clearfix\">\n                    <div class=\"left-column pull-left\">\n                                                <div class=\"logo-box\">\n                            <div class=\"shape\" style=\"background-image: url(https:\/\/www.athletic4you.be\/wp-content\/themes\/purehearts\/assets\/images\/shape\/shape-1.png);\"><\/div>\n                            <figure class=\"logo\"><a href=\"https:\/\/www.athletic4you.be\/\"><img src=\"https:\/\/www.athletic4you.be\/wp-content\/uploads\/2021\/12\/logo-A4Y.png\" alt=\"Awesome Image\"><\/a><\/figure>\n                        <\/div>\n                                                                        <div class=\"text\">\n                            <h3><i class=\"icon-email-open-sketched-envelope\"><\/i>Inscription <br \/> Newsletter<\/h3>\n                        <\/div>\n                                            <\/div>\n                    <div class=\"right-column pull-right clearfix\">\n                                                <div class=\"form-inner\">\n                            <div class=\"subscribe-form\">\n                                <script>(function() {\n\twindow.mc4wp = window.mc4wp || {\n\t\tlisteners: [],\n\t\tforms: {\n\t\t\ton: function(evt, cb) {\n\t\t\t\twindow.mc4wp.listeners.push(\n\t\t\t\t\t{\n\t\t\t\t\t\tevent   : evt,\n\t\t\t\t\t\tcallback: cb\n\t\t\t\t\t}\n\t\t\t\t);\n\t\t\t}\n\t\t}\n\t}\n})();\n<\/script><!-- Mailchimp for WordPress v4.8.6 - https:\/\/wordpress.org\/plugins\/mailchimp-for-wp\/ --><form id=\"mc4wp-form-1\" class=\"mc4wp-form mc4wp-form-255\" method=\"post\" data-id=\"255\" data-name=\"\" ><div class=\"mc4wp-form-fields\"><div class=\"form-group\">\r\n<input type=\"email\" name=\"EMAIL\" placeholder=\"Votre adresse email\" required \/>\r\n<button type=\"submit\">Je m'inscris !<\/button>\r\n<\/div><\/div><label style=\"display: none !important;\">Laissez ce champ vide si vous \u00eates humain\u00a0: <input type=\"text\" name=\"_mc4wp_honeypot\" value=\"\" tabindex=\"-1\" autocomplete=\"off\" \/><\/label><input type=\"hidden\" name=\"_mc4wp_timestamp\" value=\"1778904122\" \/><input type=\"hidden\" name=\"_mc4wp_form_id\" value=\"255\" \/><input type=\"hidden\" name=\"_mc4wp_form_element_id\" value=\"mc4wp-form-1\" \/><div class=\"mc4wp-response\"><\/div><\/form><!-- \/ Mailchimp for WordPress Plugin -->                            <\/div>\n                        <\/div>\n                                                <ul class=\"social-style-one clearfix\">\n                                                        <li><a href=\"https:\/\/www.facebook.com\/\"><i class=\"fa fa fa-facebook-f\"><\/i><\/a><\/li>\n                                                        <li><a href=\"https:\/\/www.twitter.com\/\"><i class=\"fa fa fa-twitter\"><\/i><\/a><\/li>\n                                                        <li><a href=\"https:\/\/www.linkedin.com\/\"><i class=\"fa fa fa-linkedin\"><\/i><\/a><\/li>\n                                                    <\/ul>\n                    <\/div>\n                <\/div>\n            <\/div>\n        <\/section>\n        <!-- subscribe-section end -->\n                \n\t\t\t\t<\/div>\n\t\t\t\t<\/div>\n\t\t\t\t\t<\/div>\n\t\t<\/div>\n\t\t\t\t\t\t\t<\/div>\n\t\t<\/section>\n\t\t\t\t\t\t<\/div>\n\t\t\t\t\t<\/div>\n\t\t","protected":false},"excerpt":{"rendered":"<p>Restons en contact ! \u00c0 votre \u00e9coute ! Une id\u00e9e de partenariat ou de projet ? A4Y se plierait en 4 pour faire bouger et rayonner les enfants ! Contactez-nous [&hellip;]<\/p>\n","protected":false},"author":1,"featured_media":0,"parent":0,"menu_order":0,"comment_status":"closed","ping_status":"closed","template":"tpl-default-elementor.php","meta":{"spay_email":""},"_links":{"self":[{"href":"https:\/\/www.athletic4you.be\/index.php\/wp-json\/wp\/v2\/pages\/827"}],"collection":[{"href":"https:\/\/www.athletic4you.be\/index.php\/wp-json\/wp\/v2\/pages"}],"about":[{"href":"https:\/\/www.athletic4you.be\/index.php\/wp-json\/wp\/v2\/types\/page"}],"author":[{"embeddable":true,"href":"https:\/\/www.athletic4you.be\/index.php\/wp-json\/wp\/v2\/users\/1"}],"replies":[{"embeddable":true,"href":"https:\/\/www.athletic4you.be\/index.php\/wp-json\/wp\/v2\/comments?post=827"}],"version-history":[{"count":25,"href":"https:\/\/www.athletic4you.be\/index.php\/wp-json\/wp\/v2\/pages\/827\/revisions"}],"predecessor-version":[{"id":2023,"href":"https:\/\/www.athletic4you.be\/index.php\/wp-json\/wp\/v2\/pages\/827\/revisions\/2023"}],"wp:attachment":[{"href":"https:\/\/www.athletic4you.be\/index.php\/wp-json\/wp\/v2\/media?parent=827"}],"curies":[{"name":"wp","href":"https:\/\/api.w.org\/{rel}","templated":true}]}}